{"id":94,"date":"2021-02-05T12:08:03","date_gmt":"2021-02-05T12:08:03","guid":{"rendered":"https:\/\/revistaindomita.usal.es\/?page_id=94"},"modified":"2021-07-16T13:18:16","modified_gmt":"2021-07-16T13:18:16","slug":"columnas-indomitas","status":"publish","type":"page","link":"https:\/\/revistaindomita.usal.es\/en\/columnas-indomitas\/","title":{"rendered":"(Espa\u00f1ol) Columnas Ind\u00f3mitas"},"content":{"rendered":"<p><\/a>.- Coral Bull\u00f3n<\/a><\/p>\n<p><a href=\"https:\/\/revistaindomita.usal.es\/columnas-indomitas\/tarantino-se-marea-con-la-sangre\/\">&#8211; Rafa G. Bonilla<\/a><\/p>\n<p><a href=\"https:\/\/revistaindomita.usal.es\/columnas-indomitas\/coronavirus-y-filosofia\/\">&#8211; Eduardo Guti\u00e9rrez<\/a><\/p>\n<p><a href=\"https:\/\/revistaindomita.usal.es\/columnas-indomitas\/buena-musica\/\">&#8211; Mario Blanco<\/a><\/p>\n<p>&nbsp;<\/p>\n<p>Si quieres participar env\u00edanos tu <em>Columna <\/em>a indomita@usal.es<br \/>\nTe recomendamos que antes leas las recomendaciones para autores.<\/p>","protected":false},"excerpt":{"rendered":"<p>.- Coral Bull\u00f3n &#8211; Rafa G. Bonilla &#8211; Eduardo Guti\u00e9rrez &#8211; Mario Blanco &nbsp; Si quieres participar env\u00edanos tu Columna a indomita@usal.es Te recomendamos que antes leas las recomendaciones para autores.<\/p>\n","protected":false},"author":67,"featured_media":270,"parent":0,"menu_order":0,"comment_status":"closed","ping_status":"closed","template":"page-templates\/ImgUnaColumna.php","meta":{"footnotes":""},"class_list":["post-94","page","type-page","status-publish","has-post-thumbnail","hentry"],"aioseo_notices":[],"_links":{"self":[{"href":"https:\/\/revistaindomita.usal.es\/en\/wp-json\/wp\/v2\/pages\/94","targetHints":{"allow":["GET"]}}],"collection":[{"href":"https:\/\/revistaindomita.usal.es\/en\/wp-json\/wp\/v2\/pages"}],"about":[{"href":"https:\/\/revistaindomita.usal.es\/en\/wp-json\/wp\/v2\/types\/page"}],"author":[{"embeddable":true,"href":"https:\/\/revistaindomita.usal.es\/en\/wp-json\/wp\/v2\/users\/67"}],"replies":[{"embeddable":true,"href":"https:\/\/revistaindomita.usal.es\/en\/wp-json\/wp\/v2\/comments?post=94"}],"version-history":[{"count":30,"href":"https:\/\/revistaindomita.usal.es\/en\/wp-json\/wp\/v2\/pages\/94\/revisions"}],"predecessor-version":[{"id":590,"href":"https:\/\/revistaindomita.usal.es\/en\/wp-json\/wp\/v2\/pages\/94\/revisions\/590"}],"wp:featuredmedia":[{"embeddable":true,"href":"https:\/\/revistaindomita.usal.es\/en\/wp-json\/wp\/v2\/media\/270"}],"wp:attachment":[{"href":"https:\/\/revistaindomita.usal.es\/en\/wp-json\/wp\/v2\/media?parent=94"}],"curies":[{"name":"wp","href":"https:\/\/api.w.org\/{rel}","templated":true}]}}