{"id":283,"date":"2021-02-08T01:08:42","date_gmt":"2021-02-08T01:08:42","guid":{"rendered":"https:\/\/revistaindomita.usal.es\/?page_id=283"},"modified":"2021-07-16T13:03:26","modified_gmt":"2021-07-16T13:03:26","slug":"convocatorias","status":"publish","type":"page","link":"https:\/\/revistaindomita.usal.es\/en\/convocatorias\/","title":{"rendered":"(Espa\u00f1ol) Convocatorias"},"content":{"rendered":"<p><\/a><\/p>\n<p>&nbsp;<\/p>\n<p><strong><span style=\"font-size: 14pt\">Columnas Ind\u00f3mitas<\/span><\/strong><\/p>\n<p>La tem\u00e1tica de las <a href=\"https:\/\/revistaindomita.usal.es\/columnas-indomitas\/\">Columnas Ind\u00f3mitas<\/a>\u00a0queda a la elecci\u00f3n de cada autor, si bien no se admitir\u00e1 nunca texto alguno que, seg\u00fan la opini\u00f3n del\u00a0Consejo Editorial, atente contra el honor y la dignidad de una persona o un colectivo.<\/p>\n<p>El periodo de recepci\u00f3n de este tipo de texto permanecer\u00e1 abierto indefinidamente.<br \/>\n<a href=\"https:\/\/revistaindomita.usal.es\/normas-de-estilo-columnas-indomitas\/\">Normas de estilo Columnas Ind\u00f3mitas<\/a><\/p>\n<p>&nbsp;<\/a><\/p>\n<p>&nbsp;<\/p>\n<p><strong><span style=\"font-size: 14pt\">Columnas Ind\u00f3mitas<\/span><\/strong><\/p>\n<p>La tem\u00e1tica de las <a href=\"https:\/\/revistaindomita.usal.es\/columnas-indomitas\/\">Columnas Ind\u00f3mitas<\/a>\u00a0queda a la elecci\u00f3n de cada autor, si bien no se admitir\u00e1 nunca texto alguno que, seg\u00fan la opini\u00f3n del\u00a0Consejo Editorial, atente contra el honor y la dignidad de una persona o un colectivo.<\/p>\n<p>El periodo de recepci\u00f3n de este tipo de texto permanecer\u00e1 abierto indefinidamente.<br \/>\n<a href=\"https:\/\/revistaindomita.usal.es\/normas-de-estilo-columnas-indomitas\/\"><\/a><\/p>\n<p>&nbsp;<\/a>\u00a0queda a la elecci\u00f3n de cada autor, si bien no se admitir\u00e1 nunca texto alguno que, seg\u00fan la opini\u00f3n del\u00a0Consejo Editorial, atente contra el honor y la dignidad de una persona o un colectivo.<\/p>\n<p>El periodo de recepci\u00f3n de este tipo de texto permanecer\u00e1 abierto indefinidamente.<\/p>\n<p>&nbsp;<\/a><\/p>\n<p>Plazo de recepci\u00f3n de art\u00edculos: del 01\/03\/2021 al 30\/06\/2021<\/p>\n<p>&nbsp;<\/p>\n<p><strong><span style=\"font-size: 14pt\">Columnas Ind\u00f3mitas<\/span><\/strong><\/p>\n<p>La tem\u00e1tica de las\u00a0<em>Columnas Ind\u00f3mitas<\/em> queda a la elecci\u00f3n de cada autor, si bien no se admitir\u00e1 nunca texto alguno que, seg\u00fan la opini\u00f3n del\u00a0Consejo Editorial, atente contra el honor y la dignidad de una persona o un colectivo.<\/p>\n<p>El periodo de recepci\u00f3n de este tipo de texto permanecer\u00e1 abierto indefinidamente.<\/p>\n<p>&nbsp;<\/p>","protected":false},"excerpt":{"rendered":"<p>&nbsp; Columnas Ind\u00f3mitas La tem\u00e1tica de las Columnas Ind\u00f3mitas\u00a0queda a la elecci\u00f3n de cada autor, si bien no se admitir\u00e1 nunca texto alguno que, seg\u00fan la opini\u00f3n del\u00a0Consejo Editorial, atente contra el honor y la dignidad de una persona o un colectivo. El periodo de recepci\u00f3n de este tipo de texto permanecer\u00e1 abierto indefinidamente. Normas &hellip; <a href=\"https:\/\/revistaindomita.usal.es\/en\/convocatorias\/\" class=\"more-link\">Continue reading<span class=\"screen-reader-text\"> &#8220;(Espa\u00f1ol) Convocatorias&#8221;<\/span><\/a><\/p>\n","protected":false},"author":67,"featured_media":0,"parent":0,"menu_order":0,"comment_status":"closed","ping_status":"closed","template":"page-templates\/PagSinLateral.php","meta":{"footnotes":""},"class_list":["post-283","page","type-page","status-publish","hentry"],"aioseo_notices":[],"_links":{"self":[{"href":"https:\/\/revistaindomita.usal.es\/en\/wp-json\/wp\/v2\/pages\/283","targetHints":{"allow":["GET"]}}],"collection":[{"href":"https:\/\/revistaindomita.usal.es\/en\/wp-json\/wp\/v2\/pages"}],"about":[{"href":"https:\/\/revistaindomita.usal.es\/en\/wp-json\/wp\/v2\/types\/page"}],"author":[{"embeddable":true,"href":"https:\/\/revistaindomita.usal.es\/en\/wp-json\/wp\/v2\/users\/67"}],"replies":[{"embeddable":true,"href":"https:\/\/revistaindomita.usal.es\/en\/wp-json\/wp\/v2\/comments?post=283"}],"version-history":[{"count":13,"href":"https:\/\/revistaindomita.usal.es\/en\/wp-json\/wp\/v2\/pages\/283\/revisions"}],"predecessor-version":[{"id":584,"href":"https:\/\/revistaindomita.usal.es\/en\/wp-json\/wp\/v2\/pages\/283\/revisions\/584"}],"wp:attachment":[{"href":"https:\/\/revistaindomita.usal.es\/en\/wp-json\/wp\/v2\/media?parent=283"}],"curies":[{"name":"wp","href":"https:\/\/api.w.org\/{rel}","templated":true}]}}