{"id":280,"date":"2021-02-08T00:48:33","date_gmt":"2021-02-08T00:48:33","guid":{"rendered":"https:\/\/revistaindomita.usal.es\/?page_id=280"},"modified":"2021-07-16T12:34:17","modified_gmt":"2021-07-16T12:34:17","slug":"te-damos-la-bienvenida","status":"publish","type":"page","link":"https:\/\/revistaindomita.usal.es\/en\/","title":{"rendered":"(Espa\u00f1ol) Te damos la bienvenida"},"content":{"rendered":"<p><\/a>). Si quieres m\u00e1s informaci\u00f3n al respecto, pincha aqu\u00ed.<\/p>\n<p>Mientras tanto, te invitamos a que eches un vistazo a las\u00a0<a href=\"https:\/\/revistaindomita.usal.es\/columnas-indomitas\/\"><\/a>. Textos breves, accesibles para cualquier persona y sobre temas diversos.<br \/>\nY si lo tuyo es participar o quieres hacernos alguna consulta env\u00edanos un correo electr\u00f3nico a indomita@usal.es<\/p>","protected":false},"excerpt":{"rendered":"<p>). Si quieres m\u00e1s informaci\u00f3n al respecto, pincha aqu\u00ed. Mientras tanto, te invitamos a que eches un vistazo a las\u00a0. Textos breves, accesibles para cualquier persona y sobre temas diversos. Y si lo tuyo es participar o quieres hacernos alguna consulta env\u00edanos un correo electr\u00f3nico a indomita@usal.es<\/p>\n","protected":false},"author":67,"featured_media":454,"parent":0,"menu_order":0,"comment_status":"closed","ping_status":"closed","template":"page-templates\/ImgUnaColumna.php","meta":{"footnotes":""},"class_list":["post-280","page","type-page","status-publish","has-post-thumbnail","hentry"],"aioseo_notices":[],"_links":{"self":[{"href":"https:\/\/revistaindomita.usal.es\/en\/wp-json\/wp\/v2\/pages\/280","targetHints":{"allow":["GET"]}}],"collection":[{"href":"https:\/\/revistaindomita.usal.es\/en\/wp-json\/wp\/v2\/pages"}],"about":[{"href":"https:\/\/revistaindomita.usal.es\/en\/wp-json\/wp\/v2\/types\/page"}],"author":[{"embeddable":true,"href":"https:\/\/revistaindomita.usal.es\/en\/wp-json\/wp\/v2\/users\/67"}],"replies":[{"embeddable":true,"href":"https:\/\/revistaindomita.usal.es\/en\/wp-json\/wp\/v2\/comments?post=280"}],"version-history":[{"count":6,"href":"https:\/\/revistaindomita.usal.es\/en\/wp-json\/wp\/v2\/pages\/280\/revisions"}],"predecessor-version":[{"id":575,"href":"https:\/\/revistaindomita.usal.es\/en\/wp-json\/wp\/v2\/pages\/280\/revisions\/575"}],"wp:featuredmedia":[{"embeddable":true,"href":"https:\/\/revistaindomita.usal.es\/en\/wp-json\/wp\/v2\/media\/454"}],"wp:attachment":[{"href":"https:\/\/revistaindomita.usal.es\/en\/wp-json\/wp\/v2\/media?parent=280"}],"curies":[{"name":"wp","href":"https:\/\/api.w.org\/{rel}","templated":true}]}}